{"id":211858,"date":"2026-04-08T16:04:03","date_gmt":"2026-04-08T16:04:03","guid":{"rendered":"https:\/\/distribuidoranico.cl\/?post_type=product&#038;p=211858"},"modified":"2026-04-08T16:12:06","modified_gmt":"2026-04-08T16:12:06","slug":"powerade-rojo-x6-600-ml","status":"publish","type":"product","link":"https:\/\/distribuidoranico.cl\/en\/product\/powerade-rojo-x6-600-ml\/","title":{"rendered":"Powerade Rojo x6 600 ml"},"content":{"rendered":"<h3><strong>Powerade Rojo x6 600 ml<\/strong><\/h3>\n<p><strong>Display 6 unidades.<\/strong><\/p>\n<p>Bebida energ\u00e9tica, alimento para deportista con adici\u00f3n de electrolitos y vitaminas isot\u00f3nica.<\/p>","protected":false},"excerpt":{"rendered":"<h1><strong>Powerade Rojo x6 600 ml<\/strong><\/h1>","protected":false},"featured_media":211861,"template":"","meta":{"_joinchat":[]},"product_brand":[],"product_cat":[24,292,30],"product_tag":[102,40,100,107,1746,839,176,2372],"class_list":{"0":"post-211858","1":"product","2":"type-product","3":"status-publish","4":"has-post-thumbnail","6":"product_cat-bebidas","7":"product_cat-isotonicas","8":"product_cat-energeticas","9":"product_tag-andina","10":"product_tag-bebestible","11":"product_tag-bebida","12":"product_tag-energetica","13":"product_tag-isotonica","14":"product_tag-power","15":"product_tag-powerade","16":"product_tag-roja","18":"first","19":"instock","20":"shipping-taxable","21":"purchasable","22":"product-type-simple"},"_links":{"self":[{"href":"https:\/\/distribuidoranico.cl\/en\/wp-json\/wp\/v2\/product\/211858","targetHints":{"allow":["GET"]}}],"collection":[{"href":"https:\/\/distribuidoranico.cl\/en\/wp-json\/wp\/v2\/product"}],"about":[{"href":"https:\/\/distribuidoranico.cl\/en\/wp-json\/wp\/v2\/types\/product"}],"version-history":[{"count":1,"href":"https:\/\/distribuidoranico.cl\/en\/wp-json\/wp\/v2\/product\/211858\/revisions"}],"predecessor-version":[{"id":211862,"href":"https:\/\/distribuidoranico.cl\/en\/wp-json\/wp\/v2\/product\/211858\/revisions\/211862"}],"wp:featuredmedia":[{"embeddable":true,"href":"https:\/\/distribuidoranico.cl\/en\/wp-json\/wp\/v2\/media\/211861"}],"wp:attachment":[{"href":"https:\/\/distribuidoranico.cl\/en\/wp-json\/wp\/v2\/media?parent=211858"}],"wp:term":[{"taxonomy":"product_brand","embeddable":true,"href":"https:\/\/distribuidoranico.cl\/en\/wp-json\/wp\/v2\/product_brand?post=211858"},{"taxonomy":"product_cat","embeddable":true,"href":"https:\/\/distribuidoranico.cl\/en\/wp-json\/wp\/v2\/product_cat?post=211858"},{"taxonomy":"product_tag","embeddable":true,"href":"https:\/\/distribuidoranico.cl\/en\/wp-json\/wp\/v2\/product_tag?post=211858"}],"curies":[{"name":"wp","href":"https:\/\/api.w.org\/{rel}","templated":true}]}}