{"id":166226,"date":"2021-04-28T15:02:06","date_gmt":"2021-04-28T15:02:06","guid":{"rendered":"https:\/\/distribuidoranico.cl\/?post_type=product&#038;p=166226"},"modified":"2026-04-08T16:16:27","modified_gmt":"2026-04-08T16:16:27","slug":"powerade-frozen-blast-1-litro-x6","status":"publish","type":"product","link":"https:\/\/distribuidoranico.cl\/en\/product\/powerade-frozen-blast-1-litro-x6\/","title":{"rendered":"Powerade Frozen Blast 1,1L x6"},"content":{"rendered":"<h3><strong>Powerade Frozen Blast 1,1L x6<\/strong><\/h3>\n<p><strong>Display 6 unidades.<\/strong><\/p>\n<p>Bebida energ\u00e9tica, alimento para deportista con adici\u00f3n de electrolitos y vitaminas isot\u00f3nica.<\/p>\n<p><a href=\"https:\/\/distribuidoranico.cl\/en\/tienda\/categorias\/liquidoses\/\"><img fetchpriority=\"high\" decoding=\"async\" class=\"alignnone size-medium wp-image-167103\" src=\"https:\/\/distribuidoranico.cl\/wp-content\/uploads\/2021\/05\/\u00a1bienvenido-pequen\u0303i\u0301n-4-300x300.png\" alt=\"Liquidos\" width=\"300\" height=\"300\" srcset=\"https:\/\/distribuidoranico.cl\/wp-content\/uploads\/2021\/05\/\u00a1bienvenido-pequen\u0303i\u0301n-4-300x300.png 300w, https:\/\/distribuidoranico.cl\/wp-content\/uploads\/2021\/05\/\u00a1bienvenido-pequen\u0303i\u0301n-4-100x100.png 100w, https:\/\/distribuidoranico.cl\/wp-content\/uploads\/2021\/05\/\u00a1bienvenido-pequen\u0303i\u0301n-4-500x500.png 500w, https:\/\/distribuidoranico.cl\/wp-content\/uploads\/2021\/05\/\u00a1bienvenido-pequen\u0303i\u0301n-4-64x64.png 64w, https:\/\/distribuidoranico.cl\/wp-content\/uploads\/2021\/05\/\u00a1bienvenido-pequen\u0303i\u0301n-4-1024x1024.png 1024w, https:\/\/distribuidoranico.cl\/wp-content\/uploads\/2021\/05\/\u00a1bienvenido-pequen\u0303i\u0301n-4-150x150.png 150w, https:\/\/distribuidoranico.cl\/wp-content\/uploads\/2021\/05\/\u00a1bienvenido-pequen\u0303i\u0301n-4-768x768.png 768w, https:\/\/distribuidoranico.cl\/wp-content\/uploads\/2021\/05\/\u00a1bienvenido-pequen\u0303i\u0301n-4-32x32.png 32w, https:\/\/distribuidoranico.cl\/wp-content\/uploads\/2021\/05\/\u00a1bienvenido-pequen\u0303i\u0301n-4-600x600.png 600w, https:\/\/distribuidoranico.cl\/wp-content\/uploads\/2021\/05\/\u00a1bienvenido-pequen\u0303i\u0301n-4.png 1080w\" sizes=\"(max-width: 300px) 100vw, 300px\" \/><\/a><\/p>","protected":false},"excerpt":{"rendered":"<h1><strong>Powerade Frozen Blast 1,1L x6<\/strong><\/h1>","protected":false},"featured_media":211865,"template":"","meta":{"_joinchat":[]},"product_brand":[2373],"product_cat":[24,292,30],"product_tag":[320,590,327,102,40,100,107,1746,839,176],"class_list":{"0":"post-166226","1":"product","2":"type-product","3":"status-publish","4":"has-post-thumbnail","6":"product_brand-andina","7":"product_cat-bebidas","8":"product_cat-isotonicas","9":"product_cat-energeticas","10":"product_tag-320","11":"product_tag-1-litro","12":"product_tag-1l","13":"product_tag-andina","14":"product_tag-bebestible","15":"product_tag-bebida","16":"product_tag-energetica","17":"product_tag-isotonica","18":"product_tag-power","19":"product_tag-powerade","21":"first","22":"instock","23":"shipping-taxable","24":"purchasable","25":"product-type-simple"},"_links":{"self":[{"href":"https:\/\/distribuidoranico.cl\/en\/wp-json\/wp\/v2\/product\/166226","targetHints":{"allow":["GET"]}}],"collection":[{"href":"https:\/\/distribuidoranico.cl\/en\/wp-json\/wp\/v2\/product"}],"about":[{"href":"https:\/\/distribuidoranico.cl\/en\/wp-json\/wp\/v2\/types\/product"}],"version-history":[{"count":2,"href":"https:\/\/distribuidoranico.cl\/en\/wp-json\/wp\/v2\/product\/166226\/revisions"}],"predecessor-version":[{"id":211866,"href":"https:\/\/distribuidoranico.cl\/en\/wp-json\/wp\/v2\/product\/166226\/revisions\/211866"}],"wp:featuredmedia":[{"embeddable":true,"href":"https:\/\/distribuidoranico.cl\/en\/wp-json\/wp\/v2\/media\/211865"}],"wp:attachment":[{"href":"https:\/\/distribuidoranico.cl\/en\/wp-json\/wp\/v2\/media?parent=166226"}],"wp:term":[{"taxonomy":"product_brand","embeddable":true,"href":"https:\/\/distribuidoranico.cl\/en\/wp-json\/wp\/v2\/product_brand?post=166226"},{"taxonomy":"product_cat","embeddable":true,"href":"https:\/\/distribuidoranico.cl\/en\/wp-json\/wp\/v2\/product_cat?post=166226"},{"taxonomy":"product_tag","embeddable":true,"href":"https:\/\/distribuidoranico.cl\/en\/wp-json\/wp\/v2\/product_tag?post=166226"}],"curies":[{"name":"wp","href":"https:\/\/api.w.org\/{rel}","templated":true}]}}